{"id":36567,"date":"2024-08-28T17:35:23","date_gmt":"2024-08-28T20:35:23","guid":{"rendered":"https:\/\/famaura.com.br\/home\/?post_type=product&#038;p=36567"},"modified":"2025-01-08T18:49:09","modified_gmt":"2025-01-08T21:49:09","slug":"curso-criacao-de-kit-by-famaura-2a-edicao","status":"publish","type":"product","link":"https:\/\/famaura.com.br\/home\/produto\/curso-criacao-de-kit-by-famaura-2a-edicao\/","title":{"rendered":"Curso Cria\u00e7\u00e3o de Kit by FaMaura ( 2\u00aa Edi\u00e7\u00e3o )"},"content":{"rendered":"<p><strong><em><mark class=\"has-inline-color has-black-color\">Curso Cria\u00e7\u00e3o de Kit by Fa Maura, \u00e9 um curso de f\u00e1cil entendimento, direcionado para pessoas que desejam aprender a criar seus pr\u00f3prios Kits Digitais do zero para seu uso ou para venda nos programas PHOTOSHOP e ILLUSTRATOR ambos da Adobe.\u00a0<\/mark><\/em><\/strong><\/p>\n<p>Profissionais que desejam entregar produtos digitais com qualidade gr\u00e1fica e autoral, criando produtos \u00fanicos e exclusivos.<\/p>\n<p>Voc\u00ea vai aprender como criar seus papeis e elementos do zero.<\/p>\n<p>Esse Curso de design vai ajudar voc\u00ea a aprender as habilidades necess\u00e1rias para criar kits digitais coordenados.<\/p>\n<p>Voc\u00ea aprender\u00e1 sobre princ\u00edpios de design na pr\u00e1tica, uso dos softwares Photoshop e Illustrator e t\u00e9cnicas de cria\u00e7\u00e3o by FaMaura.<\/p>\n<p>\u00c9 necess\u00e1rio ter acesso a internet, computador, saber o b\u00e1sico de como usar o computador e ter os programas da Adobe instalados na sua m\u00e1quina ( Photoshop e Illustrator ) vontade e dedica\u00e7\u00e3o!<\/p>\n<p><strong><em><mark class=\"has-inline-color\">O Curso Cria\u00e7\u00e3o de Kits, tem todos os direitos reservados a FaMaura Designs.<\/mark><\/em><\/strong><\/p>\n<p><strong><em><mark class=\"has-inline-color\">Mesmo que voc\u00ea tenha pago para faz\u00ea-lo, n\u00e3o lhe d\u00e1 o direito, de redistribuir qualquer material relacionado ao curso, t\u00e9cnicas ensinadas, bem como o compartilhamento de senhas e login para outros.<\/mark><\/em><\/strong><\/p>\n<p><strong><em><mark class=\"has-inline-color\">Caso, se tenha algum problema em rela\u00e7\u00e3o a redistribui\u00e7\u00e3o ou compartilhamento de qualquer material\/informa\u00e7\u00e3o\/tutorial ou passo a passo do Curso Cria\u00e7\u00e3o de Kits, voc\u00ea ser\u00e1 banida da plataforma, sem qualquer reembolso do valor pago pelo curso.<\/mark><\/em><\/strong><\/p>\n<p><strong><em>Voc\u00ea ser\u00e1 previamente informado.<\/em><\/strong><\/p>\n<p><strong><em>Ao fazer o Curso Cria\u00e7\u00e3o de Kits, voc\u00ea deve ver as aulas e fazer as atividades propostas dentro das datas pr\u00e9-estabelecidas.<\/em><\/strong><\/p>\n<p><em><strong>O Curso Cria\u00e7\u00e3o de Kits, n\u00e3o lhe garante vaga a nenhuma loja de scrapbooking, \u00e9 um curso sem nenhum v\u00ednculo com loja, mas nada impede de se ter um Networking com indica\u00e7\u00f5es futuras.<\/strong><\/em><\/p>\n<p><strong><em>Eu li e aceito os termos do Curso, estou ciente que terei me esfor\u00e7ar para que o curso seja completamente satisfat\u00f3rio.<\/em><\/strong><\/p>\n<p><strong><em>Inicio\u00a0<\/em><\/strong><br \/>\nImediato ap\u00f3s aprova\u00e7\u00e3o<\/p>\n<p><strong><em>Aulas\u00a0<\/em><\/strong><br \/>\n<em><strong>41<\/strong><\/em> Aulas gravadas para voc\u00ea ver e rever quantas vezes quiser durante <em><strong>um ano<\/strong><\/em><\/p>\n<p><em><strong>VIDEO AULA EM PORTUGU\u00caS \u2013 BR<\/strong><\/em><\/p>\n<p><strong><em>Dois acessos tira d\u00favidas direto com a mentora em hor\u00e1rio agendado de at\u00e9 1hora cada.<br \/>\nD\u00favidas ser\u00e3o tiradas atrav\u00e9s do e-mail:\u00a0fa.maura@hotmail.com<br \/>\n<\/em><\/strong><\/p>\n<p>&nbsp;<\/p>\n","protected":false},"excerpt":{"rendered":"<p><strong><em><mark class=\"has-inline-color has-black-color\">Curso Cria\u00e7\u00e3o de Kit by Fa Maura, \u00e9 um curso de f\u00e1cil entendimento, direcionado para pessoas que desejam aprender a criar seus pr\u00f3prios Kits Digitais do zero para seu uso ou para venda nos programas PHOTOSHOP e ILLUSTRATOR ambos da Adobe.\u00a0<\/mark><\/em><\/strong><\/p>\n<p>Profissionais que desejam entregar produtos digitais com qualidade gr\u00e1fica e autoral, criando produtos \u00fanicos e exclusivos.<\/p>\n<p>Voc\u00ea vai aprender como criar seus papeis e elementos do zero.<\/p>\n<p>Esse Curso de design vai ajudar voc\u00ea a aprender as habilidades necess\u00e1rias para criar kits digitais coordenados.<\/p>\n<p>Voc\u00ea aprender\u00e1 sobre princ\u00edpios de design na pr\u00e1tica, uso dos softwares Photoshop e Illustrator e t\u00e9cnicas de cria\u00e7\u00e3o by FaMaura.<\/p>\n<p>\u00c9 necess\u00e1rio ter acesso a internet, computador, saber o b\u00e1sico de como usar o computador e ter os programas da Adobe instalados na sua m\u00e1quina ( Photoshop e Illustrator ) vontade e dedica\u00e7\u00e3o!<\/p>\n<p><strong><em><mark class=\"has-inline-color\">O Curso Cria\u00e7\u00e3o de Kits, tem todos os direitos reservados a FaMaura Designs.<\/mark><\/em><\/strong><\/p>\n<p><strong><em><mark class=\"has-inline-color\">Mesmo que voc\u00ea tenha pago para faz\u00ea-lo, n\u00e3o lhe d\u00e1 o direito, de redistribuir qualquer material relacionado ao curso, t\u00e9cnicas ensinadas, bem como o compartilhamento de senhas e login para outros.<\/mark><\/em><\/strong><\/p>\n<p><strong><em><mark class=\"has-inline-color\">Caso, se tenha algum problema em rela\u00e7\u00e3o a redistribui\u00e7\u00e3o ou compartilhamento de qualquer material\/informa\u00e7\u00e3o\/tutorial ou passo a passo do Curso Cria\u00e7\u00e3o de Kits, voc\u00ea ser\u00e1 banida da plataforma, sem qualquer reembolso do valor pago pelo curso.<\/mark><\/em><\/strong><\/p>\n<p><strong><em>Voc\u00ea ser\u00e1 previamente informado.<\/em><\/strong><\/p>\n<p><strong><em>Ao fazer o Curso Cria\u00e7\u00e3o de Kits, voc\u00ea deve ver as aulas e fazer as atividades propostas dentro das datas pr\u00e9-estabelecidas.<\/em><\/strong><\/p>\n<p><em><strong>O Curso Cria\u00e7\u00e3o de Kits, n\u00e3o lhe garante vaga a nenhuma loja de scrapbooking, \u00e9 um curso sem nenhum v\u00ednculo com loja, mas nada impede de se ter um Networking com indica\u00e7\u00f5es futuras.<\/strong><\/em><\/p>\n<p><strong><em>Eu li e aceito os termos do Curso, estou ciente que terei me esfor\u00e7ar para que o curso seja completamente satisfat\u00f3rio.<\/em><\/strong><\/p>\n<p><strong><em>Inicio\u00a0<\/em><\/strong><br \/>\nImediato ap\u00f3s aprova\u00e7\u00e3o<\/p>\n<p><strong><em>Aulas\u00a0<\/em><\/strong><br \/>\n<em><strong>41<\/strong><\/em> Aulas gravadas para voc\u00ea ver e rever quantas vezes quiser durante <em><strong>um ano<\/strong><\/em><\/p>\n<p><em><strong>VIDEO AULA EM PORTUGU\u00caS \u2013 BR<\/strong><\/em><\/p>\n<p><strong><em>Dois acessos tira d\u00favidas direto com a mentora em hor\u00e1rio agendado de at\u00e9 1hora cada.<br \/>\nD\u00favidas ser\u00e3o tiradas atrav\u00e9s do e-mail:\u00a0fa.maura@hotmail.com<br \/>\n<\/em><\/strong><\/p>\n<p>&nbsp;<\/p>\n","protected":false},"featured_media":36568,"comment_status":"open","ping_status":"closed","template":"","meta":{"jetpack_post_was_ever_published":false},"product_brand":[],"product_cat":[33],"product_tag":[],"giftcard-category":[],"class_list":{"0":"post-36567","1":"product","2":"type-product","3":"status-publish","4":"has-post-thumbnail","6":"product_cat-cursos","8":"first","9":"instock","10":"virtual","11":"sold-individually","12":"purchasable","13":"product-type-simple"},"jetpack_sharing_enabled":true,"_links":{"self":[{"href":"https:\/\/famaura.com.br\/home\/wp-json\/wp\/v2\/product\/36567","targetHints":{"allow":["GET"]}}],"collection":[{"href":"https:\/\/famaura.com.br\/home\/wp-json\/wp\/v2\/product"}],"about":[{"href":"https:\/\/famaura.com.br\/home\/wp-json\/wp\/v2\/types\/product"}],"replies":[{"embeddable":true,"href":"https:\/\/famaura.com.br\/home\/wp-json\/wp\/v2\/comments?post=36567"}],"version-history":[{"count":10,"href":"https:\/\/famaura.com.br\/home\/wp-json\/wp\/v2\/product\/36567\/revisions"}],"predecessor-version":[{"id":37664,"href":"https:\/\/famaura.com.br\/home\/wp-json\/wp\/v2\/product\/36567\/revisions\/37664"}],"wp:featuredmedia":[{"embeddable":true,"href":"https:\/\/famaura.com.br\/home\/wp-json\/wp\/v2\/media\/36568"}],"wp:attachment":[{"href":"https:\/\/famaura.com.br\/home\/wp-json\/wp\/v2\/media?parent=36567"}],"wp:term":[{"taxonomy":"product_brand","embeddable":true,"href":"https:\/\/famaura.com.br\/home\/wp-json\/wp\/v2\/product_brand?post=36567"},{"taxonomy":"product_cat","embeddable":true,"href":"https:\/\/famaura.com.br\/home\/wp-json\/wp\/v2\/product_cat?post=36567"},{"taxonomy":"product_tag","embeddable":true,"href":"https:\/\/famaura.com.br\/home\/wp-json\/wp\/v2\/product_tag?post=36567"},{"taxonomy":"giftcard-category","embeddable":true,"href":"https:\/\/famaura.com.br\/home\/wp-json\/wp\/v2\/giftcard-category?post=36567"}],"curies":[{"name":"wp","href":"https:\/\/api.w.org\/{rel}","templated":true}]}}