{"id":36861,"date":"2017-09-25T20:11:12","date_gmt":"2017-09-25T23:11:12","guid":{"rendered":"https:\/\/famaura.com.br\/home\/?post_type=product&#038;p=36861"},"modified":"2024-09-10T21:25:44","modified_gmt":"2024-09-11T00:25:44","slug":"arquivo-de-corte-batedeira","status":"publish","type":"product","link":"https:\/\/famaura.com.br\/home\/produto\/arquivo-de-corte-batedeira\/","title":{"rendered":"Arquivo de Corte | Batedeira"},"content":{"rendered":"<p class=\"price\">O pacote inclui:<br \/>\n<strong>1 arquivo em formato de corte SVG\/DXF\/AI para voc\u00ea personalizar usando sua plotter de corte.<br \/>\nPrintable PDF (molde) para voc\u00ea imprimir e usar como molde para criar o seu projeto personalizado.<\/strong><\/p>\n<p>O arquivo inclui espa\u00e7o para tubete.<\/p>\n<p>Arte n\u00e3o inclusa<br \/>\nPara uso pessoal e scrap para venda n\u00e3o mais que 100 unidades, proibido a cria\u00e7\u00e3o em grande escala.<\/p>\n<div class=\"woocommerce-product-details__short-description\">\n<p>Sombras apenas para compor preview.<br \/>\nOs elementos foram redimensionados para melhor visualiza\u00e7\u00e3o.<\/p>\n<p>Uso pessoal e scrap para outros<br \/>\nPor favor leia o tou antes de comprar<br \/>\n<a href=\"https:\/\/famaura.com.br\/home\/termos-de-uso\/\">https:\/\/famaura.com.br\/home\/termos-de-uso\/<\/a><\/p>\n<p>Bom Scrap!<\/p>\n<p>Aten\u00e7\u00e3o:<br \/>\nDiga n\u00e3o \u00e0 pirataria.<br \/>\nQuando voc\u00ea valoriza o trabalho de um artista\/artes\u00e3o, incentiva ainda mais a cria\u00e7\u00e3o de novos produtos, ajuda a manter a fam\u00edlia e todo conte\u00fado pago\/gratuito.<br \/>\nValorize e apoie o nosso trabalho como artista\/artes\u00e3o.<br \/>\nTodos os arquivos deste site est\u00e3o protegidos por leis de Copyright e s\u00e3o de propriedade exclusiva FaMaura Designs. A Lei protege o criador das artes.<br \/>\nSua compra ou download gratuito de um arquivo n\u00e3o te torna propriet\u00e1rio, voc\u00ea adquire direito de us\u00e1-lo.<br \/>\nA sua ordem de compra possui uma numera\u00e7\u00e3o, essa numera\u00e7\u00e3o \u00e9 o n\u00famero da sua licen\u00e7a de uso, que \u00e9 individual e intransfer\u00edvel.<br \/>\nTodos os produtos FaMaura Designs foram criados com muito amor e dedica\u00e7\u00e3o para atender as suas necessidades<\/p>\n<\/div>\n","protected":false},"excerpt":{"rendered":"<p class=\"price\">O pacote inclui:<br \/>\n<strong>1 arquivo em formato de corte SVG\/DXF\/AI para voc\u00ea personalizar usando sua plotter de corte.<br \/>\nPrintable PDF (molde) para voc\u00ea imprimir e usar como molde para criar o seu projeto personalizado.<\/strong><\/p>\n<p>O arquivo inclui espa\u00e7o para tubete.<\/p>\n<p>Arte n\u00e3o inclusa<br \/>\nPara uso pessoal e scrap para venda n\u00e3o mais que 100 unidades, proibido a cria\u00e7\u00e3o em grande escala.<\/p>\n<div class=\"woocommerce-product-details__short-description\">\n<p>Sombras apenas para compor preview.<br \/>\nOs elementos foram redimensionados para melhor visualiza\u00e7\u00e3o.<\/p>\n<p>Uso pessoal e scrap para outros<br \/>\nPor favor leia o tou antes de comprar<br \/>\n<a href=\"https:\/\/famaura.com.br\/home\/termos-de-uso\/\">https:\/\/famaura.com.br\/home\/termos-de-uso\/<\/a><\/p>\n<p>Bom Scrap!<\/p>\n<p>Aten\u00e7\u00e3o:<br \/>\nDiga n\u00e3o \u00e0 pirataria.<br \/>\nQuando voc\u00ea valoriza o trabalho de um artista\/artes\u00e3o, incentiva ainda mais a cria\u00e7\u00e3o de novos produtos, ajuda a manter a fam\u00edlia e todo conte\u00fado pago\/gratuito.<br \/>\nValorize e apoie o nosso trabalho como artista\/artes\u00e3o.<br \/>\nTodos os arquivos deste site est\u00e3o protegidos por leis de Copyright e s\u00e3o de propriedade exclusiva FaMaura Designs. A Lei protege o criador das artes.<br \/>\nSua compra ou download gratuito de um arquivo n\u00e3o te torna propriet\u00e1rio, voc\u00ea adquire direito de us\u00e1-lo.<br \/>\nA sua ordem de compra possui uma numera\u00e7\u00e3o, essa numera\u00e7\u00e3o \u00e9 o n\u00famero da sua licen\u00e7a de uso, que \u00e9 individual e intransfer\u00edvel.<br \/>\nTodos os produtos FaMaura Designs foram criados com muito amor e dedica\u00e7\u00e3o para atender as suas necessidades<\/p>\n<\/div>\n","protected":false},"featured_media":36836,"comment_status":"open","ping_status":"closed","template":"","meta":{"jetpack_post_was_ever_published":false},"product_brand":[],"product_cat":[486,1131,1123],"product_tag":[1125,1126],"giftcard-category":[],"class_list":{"0":"post-36861","1":"product","2":"type-product","3":"status-publish","4":"has-post-thumbnail","6":"product_cat-arquivos-de-corte","7":"product_cat-caixas-diversas","8":"product_cat-cozinha-comida","9":"product_tag-batedeira","10":"product_tag-colecao-melancia","12":"first","13":"instock","14":"downloadable","15":"virtual","16":"sold-individually","17":"purchasable","18":"product-type-simple"},"jetpack_sharing_enabled":true,"_links":{"self":[{"href":"https:\/\/famaura.com.br\/home\/wp-json\/wp\/v2\/product\/36861","targetHints":{"allow":["GET"]}}],"collection":[{"href":"https:\/\/famaura.com.br\/home\/wp-json\/wp\/v2\/product"}],"about":[{"href":"https:\/\/famaura.com.br\/home\/wp-json\/wp\/v2\/types\/product"}],"replies":[{"embeddable":true,"href":"https:\/\/famaura.com.br\/home\/wp-json\/wp\/v2\/comments?post=36861"}],"version-history":[{"count":3,"href":"https:\/\/famaura.com.br\/home\/wp-json\/wp\/v2\/product\/36861\/revisions"}],"predecessor-version":[{"id":36869,"href":"https:\/\/famaura.com.br\/home\/wp-json\/wp\/v2\/product\/36861\/revisions\/36869"}],"wp:featuredmedia":[{"embeddable":true,"href":"https:\/\/famaura.com.br\/home\/wp-json\/wp\/v2\/media\/36836"}],"wp:attachment":[{"href":"https:\/\/famaura.com.br\/home\/wp-json\/wp\/v2\/media?parent=36861"}],"wp:term":[{"taxonomy":"product_brand","embeddable":true,"href":"https:\/\/famaura.com.br\/home\/wp-json\/wp\/v2\/product_brand?post=36861"},{"taxonomy":"product_cat","embeddable":true,"href":"https:\/\/famaura.com.br\/home\/wp-json\/wp\/v2\/product_cat?post=36861"},{"taxonomy":"product_tag","embeddable":true,"href":"https:\/\/famaura.com.br\/home\/wp-json\/wp\/v2\/product_tag?post=36861"},{"taxonomy":"giftcard-category","embeddable":true,"href":"https:\/\/famaura.com.br\/home\/wp-json\/wp\/v2\/giftcard-category?post=36861"}],"curies":[{"name":"wp","href":"https:\/\/api.w.org\/{rel}","templated":true}]}}