{"id":37322,"date":"2024-10-10T22:12:05","date_gmt":"2024-10-11T01:12:05","guid":{"rendered":"https:\/\/famaura.com.br\/home\/?post_type=product&#038;p=37322"},"modified":"2025-08-26T21:22:57","modified_gmt":"2025-08-27T00:22:57","slug":"baralho-criativo-para-scrapbooking-by-famaura","status":"publish","type":"product","link":"https:\/\/famaura.com.br\/home\/produto\/baralho-criativo-para-scrapbooking-by-famaura\/","title":{"rendered":"Baralho Criativo para Scrapbooking by FaMaura \u00a9"},"content":{"rendered":"<p><a href=\"https:\/\/famaura.com.br\/home\/baralho-criativo\/\"><img fetchpriority=\"high\" decoding=\"async\" class=\"aligncenter wp-image-37333 size-full\" src=\"https:\/\/famaura.com.br\/home\/wp-content\/uploads\/2024\/10\/Layer-1-copy-4.png\" alt=\"\" width=\"563\" height=\"306\" srcset=\"https:\/\/famaura.com.br\/home\/wp-content\/uploads\/2024\/10\/Layer-1-copy-4.png 563w, https:\/\/famaura.com.br\/home\/wp-content\/uploads\/2024\/10\/Layer-1-copy-4-48x26.png 48w\" sizes=\"(max-width: 563px) 100vw, 563px\" \/><\/a><\/p>\n<p style=\"text-align: center;\"><a href=\"https:\/\/famaura.com.br\/home\/baralho-criativo\/\">Visite a p\u00e1gina do baralho: https:\/\/famaura.com.br\/home\/baralho-criativo\/<\/a><\/p>\n<p>Baralho Criativo para Scrapbooking by FaMaura\u00a9 \u00e9 uma ferramenta para te ajudar de forma criativa e divertida a criar seus projetos de scrapbooking, sejam eles digital ou artesanal.<\/p>\n<p>O Baralho Criativo para Scrapbooking by FaMaura\u00a9 \u00e9 um produto digital, de uso pessoal para voc\u00ea imprimir e montar em sua casa, ele vai te ajudar de forma simples a criar os seus projetos, no Printable tem um material de apoio para te ajudar a entender os estilos, a partir disso, separe as cartas por cor, cada cor representa algo para voc\u00ea colocar no seu projeto, ap\u00f3s separar \u00e9 s\u00f3 ir tirando as cartas e colocar no seu projeto os elementos, pap\u00e9is, t\u00e9cnicas e materiais.<\/p>\n<p>Diga n\u00e3o \u00e0 pirataria.<br \/>\nQuando voc\u00ea valoriza o trabalho de um artista\/artes\u00e3o, incentiva ainda mais a cria\u00e7\u00e3o de novos produtos, ajuda a manter a fam\u00edlia e todo conte\u00fado pago\/gratuito.<\/p>\n<p>Valorize e apoie o nosso trabalho como artista\/artes\u00e3o.<\/p>\n<p>Esse arquivo est\u00e1 protegido por leis de Copyright e s\u00e3o de propriedade exclusiva FaMaura Designs. A Lei protege o criador das artes.<\/p>\n<p>Sua compra ou download gratuito de um arquivo n\u00e3o te torna propriet\u00e1rio, voc\u00ea adquire direito de us\u00e1-lo.<\/p>\n<p>A sua ordem de compra possui uma numera\u00e7\u00e3o, essa numera\u00e7\u00e3o \u00e9 o n\u00famero da sua licen\u00e7a de uso, que \u00e9 individual e intransfer\u00edvel.<\/p>\n<p>Todos os produtos FaMaura Designs foram criados com muito amor e dedica\u00e7\u00e3o para atender as suas necessidades<\/p>\n","protected":false},"excerpt":{"rendered":"<p><a href=\"https:\/\/famaura.com.br\/home\/baralho-criativo\/\">Visite a p\u00e1gina do baralho: https:\/\/famaura.com.br\/home\/baralho-criativo\/<\/a><\/p>\n<p>Baralho Criativo para Scrapbooking by FaMaura\u00a9 \u00e9 uma ferramenta para te ajudar de forma criativa e divertida a criar seus projetos de scrapbooking, sejam eles digital ou artesanal.<\/p>\n<p>O Baralho Criativo para Scrapbooking by FaMaura\u00a9 \u00e9 um produto digital, de uso pessoal para voc\u00ea imprimir e montar em sua casa, ele vai te ajudar de forma simples a criar os seus projetos, no Printable tem um material de apoio para te ajudar a entender os estilos, a partir disso, separe as cartas por cor, cada cor representa algo para voc\u00ea colocar no seu projeto, ap\u00f3s separar \u00e9 s\u00f3 ir tirando as cartas e colocar no seu projeto os elementos, pap\u00e9is, t\u00e9cnicas e materiais.<\/p>\n<p>Diga n\u00e3o \u00e0 pirataria.<br \/>\nQuando voc\u00ea valoriza o trabalho de um artista\/artes\u00e3o, incentiva ainda mais a cria\u00e7\u00e3o de novos produtos, ajuda a manter a fam\u00edlia e todo conte\u00fado pago\/gratuito.<\/p>\n<p>Valorize e apoie o nosso trabalho como artista\/artes\u00e3o.<\/p>\n<p>Esse arquivo est\u00e1 protegido por leis de Copyright e s\u00e3o de propriedade exclusiva FaMaura Designs. A Lei protege o criador das artes.<\/p>\n<p>Sua compra ou download gratuito de um arquivo n\u00e3o te torna propriet\u00e1rio, voc\u00ea adquire direito de us\u00e1-lo.<\/p>\n<p>A sua ordem de compra possui uma numera\u00e7\u00e3o, essa numera\u00e7\u00e3o \u00e9 o n\u00famero da sua licen\u00e7a de uso, que \u00e9 individual e intransfer\u00edvel.<\/p>\n<p>Todos os produtos FaMaura Designs foram criados com muito amor e dedica\u00e7\u00e3o para atender as suas necessidades<\/p>\n","protected":false},"featured_media":37335,"comment_status":"open","ping_status":"closed","template":"","meta":{"jetpack_post_was_ever_published":false},"product_brand":[],"product_cat":[1143,1013],"product_tag":[1144],"giftcard-category":[],"class_list":{"0":"post-37322","1":"product","2":"type-product","3":"status-publish","4":"has-post-thumbnail","6":"product_cat-baralho-criativo","7":"product_cat-bazaar","8":"product_tag-baralho-criativo","10":"first","11":"instock","12":"sale","13":"downloadable","14":"virtual","15":"sold-individually","16":"purchasable","17":"product-type-simple"},"jetpack_sharing_enabled":true,"_links":{"self":[{"href":"https:\/\/famaura.com.br\/home\/wp-json\/wp\/v2\/product\/37322","targetHints":{"allow":["GET"]}}],"collection":[{"href":"https:\/\/famaura.com.br\/home\/wp-json\/wp\/v2\/product"}],"about":[{"href":"https:\/\/famaura.com.br\/home\/wp-json\/wp\/v2\/types\/product"}],"replies":[{"embeddable":true,"href":"https:\/\/famaura.com.br\/home\/wp-json\/wp\/v2\/comments?post=37322"}],"version-history":[{"count":5,"href":"https:\/\/famaura.com.br\/home\/wp-json\/wp\/v2\/product\/37322\/revisions"}],"predecessor-version":[{"id":37345,"href":"https:\/\/famaura.com.br\/home\/wp-json\/wp\/v2\/product\/37322\/revisions\/37345"}],"wp:featuredmedia":[{"embeddable":true,"href":"https:\/\/famaura.com.br\/home\/wp-json\/wp\/v2\/media\/37335"}],"wp:attachment":[{"href":"https:\/\/famaura.com.br\/home\/wp-json\/wp\/v2\/media?parent=37322"}],"wp:term":[{"taxonomy":"product_brand","embeddable":true,"href":"https:\/\/famaura.com.br\/home\/wp-json\/wp\/v2\/product_brand?post=37322"},{"taxonomy":"product_cat","embeddable":true,"href":"https:\/\/famaura.com.br\/home\/wp-json\/wp\/v2\/product_cat?post=37322"},{"taxonomy":"product_tag","embeddable":true,"href":"https:\/\/famaura.com.br\/home\/wp-json\/wp\/v2\/product_tag?post=37322"},{"taxonomy":"giftcard-category","embeddable":true,"href":"https:\/\/famaura.com.br\/home\/wp-json\/wp\/v2\/giftcard-category?post=37322"}],"curies":[{"name":"wp","href":"https:\/\/api.w.org\/{rel}","templated":true}]}}