{"id":37557,"date":"2007-08-04T11:48:26","date_gmt":"2007-08-04T14:48:26","guid":{"rendered":"https:\/\/famaura.com.br\/home\/?post_type=product&#038;p=37557"},"modified":"2024-11-27T11:50:39","modified_gmt":"2024-11-27T14:50:39","slug":"alfabeto-imaginacao-colorida","status":"publish","type":"product","link":"https:\/\/famaura.com.br\/home\/produto\/alfabeto-imaginacao-colorida\/","title":{"rendered":"Alfabeto | Imagina\u00e7\u00e3o Colorida"},"content":{"rendered":"<p>Kit digital, feito em alta resolu\u00e7\u00e3o, para impress\u00e3o,<br \/>\neste kit cont\u00e9m:<br \/>\nAlfabeto em PNG<br \/>\n1 Printable em PDF<\/p>\n<p>Sombras apenas para compor preview.<br \/>\nOs elementos foram redimensionados para melhor visualiza\u00e7\u00e3o.<\/p>\n<p>Uso pessoal e scrap para outros<br \/>\nPor favor leia o tou antes de comprar<\/p>\n<blockquote class=\"wp-embedded-content\" data-secret=\"CtV5oUu3ff\"><p><a href=\"https:\/\/famaura.com.br\/home\/termos-de-uso\/\">Termos de Uso<\/a><\/p><\/blockquote>\n<p><iframe class=\"wp-embedded-content\" sandbox=\"allow-scripts\" security=\"restricted\" style=\"position: absolute; visibility: hidden;\" title=\"&#8220;Termos de Uso&#8221; &#8212; FaMaura Scrapbook &amp; Craft\" src=\"https:\/\/famaura.com.br\/home\/termos-de-uso\/embed\/#?secret=8LFPcytXVF#?secret=CtV5oUu3ff\" data-secret=\"CtV5oUu3ff\" width=\"600\" height=\"338\" frameborder=\"0\" marginwidth=\"0\" marginheight=\"0\" scrolling=\"no\"><\/iframe><\/p>\n<p>Bom Scrap!<\/p>\n<p><em><strong>Aten\u00e7\u00e3o:<\/strong><\/em><br \/>\nDiga n\u00e3o \u00e0 pirataria.<br \/>\nQuando voc\u00ea valoriza o trabalho de um artista\/artes\u00e3o, incentiva ainda mais a cria\u00e7\u00e3o de novos produtos, ajuda a manter a fam\u00edlia e todo conte\u00fado pago\/gratuito.<br \/>\nValorize e apoie o nosso trabalho como artista\/artes\u00e3o.<br \/>\nTodos os arquivos deste site est\u00e3o protegidos por leis de Copyright e s\u00e3o de propriedade exclusiva FaMaura Designs. A Lei protege o criador das artes.<br \/>\nSua compra ou download gratuito de um arquivo n\u00e3o te torna propriet\u00e1rio, voc\u00ea adquire direito de us\u00e1-lo.<br \/>\nA sua ordem de compra possui uma numera\u00e7\u00e3o, essa numera\u00e7\u00e3o \u00e9 o n\u00famero da sua licen\u00e7a de uso, que \u00e9 individual e intransfer\u00edvel.<br \/>\nTodos os produtos FaMaura Designs foram criados com muito amor e dedica\u00e7\u00e3o para atender as suas necessidades.<\/p>\n","protected":false},"excerpt":{"rendered":"<p>Kit digital, feito em alta resolu\u00e7\u00e3o, para impress\u00e3o, este kit cont\u00e9m: Alfabeto em PNG 1 Printable em PDF Sombras apenas para compor preview. Os elementos foram redimensionados para melhor visualiza\u00e7\u00e3o. Uso pessoal e scrap para outros Por favor leia o tou antes de comprar Termos de Uso Bom Scrap! Aten\u00e7\u00e3o: Diga n\u00e3o \u00e0 pirataria. Quando voc\u00ea valoriza o trabalho de um artista\/artes\u00e3o, incentiva ainda mais a cria\u00e7\u00e3o de novos produtos, ajuda a manter a fam\u00edlia e todo conte\u00fado pago\/gratuito. Valorize e apoie o nosso trabalho como artista\/artes\u00e3o. Todos os arquivos&hellip;<\/p>\n","protected":false},"featured_media":37527,"comment_status":"open","ping_status":"closed","template":"","meta":{"jetpack_post_was_ever_published":false},"product_brand":[],"product_cat":[34],"product_tag":[],"giftcard-category":[],"class_list":{"0":"post-37557","1":"product","2":"type-product","3":"status-publish","4":"has-post-thumbnail","6":"product_cat-alfabetos","8":"first","9":"instock","10":"downloadable","11":"virtual","12":"sold-individually","13":"purchasable","14":"product-type-simple"},"jetpack_sharing_enabled":true,"_links":{"self":[{"href":"https:\/\/famaura.com.br\/home\/wp-json\/wp\/v2\/product\/37557","targetHints":{"allow":["GET"]}}],"collection":[{"href":"https:\/\/famaura.com.br\/home\/wp-json\/wp\/v2\/product"}],"about":[{"href":"https:\/\/famaura.com.br\/home\/wp-json\/wp\/v2\/types\/product"}],"replies":[{"embeddable":true,"href":"https:\/\/famaura.com.br\/home\/wp-json\/wp\/v2\/comments?post=37557"}],"version-history":[{"count":1,"href":"https:\/\/famaura.com.br\/home\/wp-json\/wp\/v2\/product\/37557\/revisions"}],"predecessor-version":[{"id":37558,"href":"https:\/\/famaura.com.br\/home\/wp-json\/wp\/v2\/product\/37557\/revisions\/37558"}],"wp:featuredmedia":[{"embeddable":true,"href":"https:\/\/famaura.com.br\/home\/wp-json\/wp\/v2\/media\/37527"}],"wp:attachment":[{"href":"https:\/\/famaura.com.br\/home\/wp-json\/wp\/v2\/media?parent=37557"}],"wp:term":[{"taxonomy":"product_brand","embeddable":true,"href":"https:\/\/famaura.com.br\/home\/wp-json\/wp\/v2\/product_brand?post=37557"},{"taxonomy":"product_cat","embeddable":true,"href":"https:\/\/famaura.com.br\/home\/wp-json\/wp\/v2\/product_cat?post=37557"},{"taxonomy":"product_tag","embeddable":true,"href":"https:\/\/famaura.com.br\/home\/wp-json\/wp\/v2\/product_tag?post=37557"},{"taxonomy":"giftcard-category","embeddable":true,"href":"https:\/\/famaura.com.br\/home\/wp-json\/wp\/v2\/giftcard-category?post=37557"}],"curies":[{"name":"wp","href":"https:\/\/api.w.org\/{rel}","templated":true}]}}