{"id":37637,"date":"2025-01-02T15:49:20","date_gmt":"2025-01-02T18:49:20","guid":{"rendered":"https:\/\/famaura.com.br\/home\/?post_type=product&#038;p=37637"},"modified":"2025-08-26T21:55:05","modified_gmt":"2025-08-27T00:55:05","slug":"printable-planejamento-semanal","status":"publish","type":"product","link":"https:\/\/famaura.com.br\/home\/produto\/printable-planejamento-semanal\/","title":{"rendered":"Printable | Planejamento Semanal"},"content":{"rendered":"","protected":false},"excerpt":{"rendered":"<p>Kit digital, feito em alta resolu\u00e7\u00e3o, para impress\u00e3o,<\/p>\n<p>este kit cont\u00e9m:<\/p>\n<p>1 Printable em PDF<\/p>\n<p>&nbsp;<\/p>\n<p>&nbsp;<\/p>\n<p>&nbsp;<\/p>\n<p>Sombras apenas para compor preview.<\/p>\n<p>Os elementos foram redimensionados para melhor visualiza\u00e7\u00e3o.<\/p>\n<p>&nbsp;<\/p>\n<p>Uso pessoal e scrap para outros<\/p>\n<p>Por favor leia o tou antes de comprar<\/p>\n<p>https:\/\/famaura.com.br\/home\/termos-de-uso\/<\/p>\n<p>&nbsp;<\/p>\n<p>Bom Scrap!<\/p>\n<p>&nbsp;<\/p>\n<p>Aten\u00e7\u00e3o:<\/p>\n<p>Diga n\u00e3o \u00e0 pirataria.<\/p>\n<p>Quando voc\u00ea valoriza o trabalho de um artista\/artes\u00e3o, incentiva ainda mais a cria\u00e7\u00e3o de novos produtos, ajuda a manter a fam\u00edlia e todo conte\u00fado pago\/gratuito.<\/p>\n<p>Valorize e apoie o nosso trabalho como artista\/artes\u00e3o.<\/p>\n<p>Todos os arquivos deste site est\u00e3o protegidos por leis de Copyright e s\u00e3o de propriedade exclusiva FaMaura Designs. A Lei protege o criador das artes.<\/p>\n<p>Sua compra ou download gratuito de um arquivo n\u00e3o te torna propriet\u00e1rio, voc\u00ea adquire direito de us\u00e1-lo.<\/p>\n<p>A sua ordem de compra possui uma numera\u00e7\u00e3o, essa numera\u00e7\u00e3o \u00e9 o n\u00famero da sua licen\u00e7a de uso, que \u00e9 individual e intransfer\u00edvel.<\/p>\n<p>Todos os produtos FaMaura Designs foram criados com muito amor e dedica\u00e7\u00e3o para atender as suas necessidades.<\/p>\n","protected":false},"featured_media":37634,"comment_status":"open","ping_status":"closed","template":"","meta":{"jetpack_post_was_ever_published":false},"product_brand":[],"product_cat":[1013,642],"product_tag":[],"giftcard-category":[],"class_list":{"0":"post-37637","1":"product","2":"type-product","3":"status-publish","4":"has-post-thumbnail","6":"product_cat-bazaar","7":"product_cat-printables","9":"first","10":"instock","11":"sale","12":"downloadable","13":"virtual","14":"sold-individually","15":"purchasable","16":"product-type-simple"},"jetpack_sharing_enabled":true,"_links":{"self":[{"href":"https:\/\/famaura.com.br\/home\/wp-json\/wp\/v2\/product\/37637","targetHints":{"allow":["GET"]}}],"collection":[{"href":"https:\/\/famaura.com.br\/home\/wp-json\/wp\/v2\/product"}],"about":[{"href":"https:\/\/famaura.com.br\/home\/wp-json\/wp\/v2\/types\/product"}],"replies":[{"embeddable":true,"href":"https:\/\/famaura.com.br\/home\/wp-json\/wp\/v2\/comments?post=37637"}],"version-history":[{"count":1,"href":"https:\/\/famaura.com.br\/home\/wp-json\/wp\/v2\/product\/37637\/revisions"}],"predecessor-version":[{"id":37638,"href":"https:\/\/famaura.com.br\/home\/wp-json\/wp\/v2\/product\/37637\/revisions\/37638"}],"wp:featuredmedia":[{"embeddable":true,"href":"https:\/\/famaura.com.br\/home\/wp-json\/wp\/v2\/media\/37634"}],"wp:attachment":[{"href":"https:\/\/famaura.com.br\/home\/wp-json\/wp\/v2\/media?parent=37637"}],"wp:term":[{"taxonomy":"product_brand","embeddable":true,"href":"https:\/\/famaura.com.br\/home\/wp-json\/wp\/v2\/product_brand?post=37637"},{"taxonomy":"product_cat","embeddable":true,"href":"https:\/\/famaura.com.br\/home\/wp-json\/wp\/v2\/product_cat?post=37637"},{"taxonomy":"product_tag","embeddable":true,"href":"https:\/\/famaura.com.br\/home\/wp-json\/wp\/v2\/product_tag?post=37637"},{"taxonomy":"giftcard-category","embeddable":true,"href":"https:\/\/famaura.com.br\/home\/wp-json\/wp\/v2\/giftcard-category?post=37637"}],"curies":[{"name":"wp","href":"https:\/\/api.w.org\/{rel}","templated":true}]}}